{"id":84,"date":"2019-02-18T13:04:16","date_gmt":"2019-02-18T13:04:16","guid":{"rendered":"https:\/\/ashara.it\/?page_id=84"},"modified":"2022-03-08T07:53:18","modified_gmt":"2022-03-08T07:53:18","slug":"privacy-policy-2","status":"publish","type":"page","link":"https:\/\/ashara.it\/fr\/privacy-policy-2\/","title":{"rendered":"Informativa sulla privacy"},"content":{"rendered":"<div data-elementor-type=\"wp-post\" data-elementor-id=\"84\" class=\"elementor elementor-84\" data-elementor-post-type=\"page\">\n\t\t\t\t\t\t<section class=\"elementor-section elementor-top-section elementor-element elementor-element-b7afd53 elementor-section-boxed elementor-section-height-default elementor-section-height-default\" data-id=\"b7afd53\" data-element_type=\"section\" data-e-type=\"section\">\n\t\t\t\t\t\t<div class=\"elementor-container elementor-column-gap-default\">\n\t\t\t\t\t<div class=\"elementor-column elementor-col-100 elementor-top-column elementor-element elementor-element-70b0fae\" data-id=\"70b0fae\" data-element_type=\"column\" data-e-type=\"column\">\n\t\t\t<div class=\"elementor-widget-wrap elementor-element-populated\">\n\t\t\t\t\t\t<div class=\"elementor-element elementor-element-86ac248 elementor-widget elementor-widget-text-editor\" data-id=\"86ac248\" data-element_type=\"widget\" data-e-type=\"widget\" data-widget_type=\"text-editor.default\">\n\t\t\t\t<div class=\"elementor-widget-container\">\n\t\t\t\t\t\t\t\t\t<h4 style=\"text-align: center;\">Regolamento Privacy Europeo n. 679\/2016 (\u201cGDPR\u201d)<\/h4>\t\t\t\t\t\t\t\t<\/div>\n\t\t\t\t<\/div>\n\t\t\t\t\t<\/div>\n\t\t<\/div>\n\t\t\t\t\t<\/div>\n\t\t<\/section>\n\t\t\t\t<section class=\"elementor-section elementor-top-section elementor-element elementor-element-c344e45 elementor-section-boxed elementor-section-height-default elementor-section-height-default\" data-id=\"c344e45\" data-element_type=\"section\" data-e-type=\"section\">\n\t\t\t\t\t\t<div class=\"elementor-container elementor-column-gap-default\">\n\t\t\t\t\t<div class=\"elementor-column elementor-col-33 elementor-top-column elementor-element elementor-element-a72d2f9\" data-id=\"a72d2f9\" data-element_type=\"column\" data-e-type=\"column\">\n\t\t\t<div class=\"elementor-widget-wrap elementor-element-populated\">\n\t\t\t\t\t\t<div class=\"elementor-element elementor-element-2343889 elementor-widget elementor-widget-text-editor\" data-id=\"2343889\" data-element_type=\"widget\" data-e-type=\"widget\" data-widget_type=\"text-editor.default\">\n\t\t\t\t<div class=\"elementor-widget-container\">\n\t\t\t\t\t\t\t\t\t<div class=\"fh5co-copy\"><p>Questa Informativa sulla Privacy descrive il modo in cui l&#8217;Associazione Professionale Guide Vulcanologiche P.IVA 03546190830 agisce come responsabile del trattamento dei dati ai fini della normativa europea e della legislazione locale applicabile.<\/p><p>In quanto responsabile del trattamento dati, controlliamo le modalit\u00e0 con cui i dati personali dei clienti vengono raccolti e le finalit\u00e0 per cui vengono utilizzati dall&#8217;Associazione Professionale Guide Vulcanologiche P.IVA 03546190830<\/p><p>Gestiremo tutte le informazioni personali forniteci, sia tramite sistemi informatici di backoffice, attraverso il sito dell&#8217;Associazione Professionale Guide Vulcanologiche P.IVA 03546190830 (il Sito: ashara.it), telefonicamente o tramite qualsiasi altro sistema, o comunque in nostro possesso in relazione ai nostri clienti secondo quanto previsto da questa Informativa sulla Privacy. Accettando la nostra Informativa sulla Privacy, i clienti confermano di aver compreso come verranno utilizzati i dati personali in base ad essa. Se i clienti non accettano i termini di questa Informativa sulla Privacy, sono pregati di non utilizzare i nostri servizi e di non fornire i propri dati personali.<\/p><p>Tutti i riferimenti a \u201d Associazione Professionale Guide Vulcanologiche \u201c, a \u201cnoi\u201d, a \u201cci\u201d o a \u201cnostri\u201d presenti in questa Informativa sulla privacy riguardano l&#8217;Associazione Professionale Guide Vulcanologiche P.IVA 03546190830 azienda con sede legale a Stromboli LIPARI (ME) Italia Vico Lipari sn<\/p><p>Per qualsiasi richiesta riguardante la protezione dei dati personali e per esercitare i diritti previsti dalla relativa legislazione \u00e8 possibile contattare Associazione Professionale Guide Vulcanologiche usando i normali contatti a disposizione dei clienti. Il Responsabile del trattamento dati dell&#8217;Associazione Professionale Guide Vulcanologiche pu\u00f2 essere contattato all\u2019indirizzo email pivacy@ashara.it, questo canale non dovrebbe essere normalmente utilizzato per richieste di routine ma per esercitare i propri diritti relativi alla protezione dei dati.<\/p><p>I dati personali dei clienti sono protetti non solo dalla qualit\u00e0, dall\u2019impegno e dagli elevati standard dell&#8217;Associazione Professionale Guide Vulcanologiche P.IVA 03546190830 ma anche dalla legge. Per ottemperare alla legislazione sulla protezione dei dati personali, tutte le operazioni di gestione di tali dati devono avvenire per uno dei seguenti motivi: &#8211; per rispettare gli obblighi contrattuali nei confronti dei nostri clienti<br \/>&#8211; laddove abbiamo un obbligo giuridico<br \/>&#8211; qualora il cliente abbia acconsentito al trattamento dei dati personali<br \/>&#8211; quando rientra nel nostro legittimo interesse<\/p><\/div>\t\t\t\t\t\t\t\t<\/div>\n\t\t\t\t<\/div>\n\t\t\t\t\t<\/div>\n\t\t<\/div>\n\t\t\t\t<div class=\"elementor-column elementor-col-33 elementor-top-column elementor-element elementor-element-5e2a127\" data-id=\"5e2a127\" data-element_type=\"column\" data-e-type=\"column\">\n\t\t\t<div class=\"elementor-widget-wrap elementor-element-populated\">\n\t\t\t\t\t\t<div class=\"elementor-element elementor-element-5c041dc elementor-widget elementor-widget-text-editor\" data-id=\"5c041dc\" data-element_type=\"widget\" data-e-type=\"widget\" data-widget_type=\"text-editor.default\">\n\t\t\t\t<div class=\"elementor-widget-container\">\n\t\t\t\t\t\t\t\t\t<p>Legittimo interesse<br \/>Il trattamento dei dati personali dei clienti avviene nel nostro legittimo interesse quando viene effettuato per motivi commerciali. I dati personali sono comunque protetti e non possono essere trattati in maniera scorretta o contraria agli interessi dei clienti.<br \/>Qualora il motivo indicato per il trattamento dei dati personali sia il legittimo interesse, informeremo i clienti al riguardo, specificando in cosa consista nello specifico il nostro legittimo interesse e dando la possibilit\u00e0 di inviarci eventuali domande o obiezioni. Tuttavia in alcuni casi il diritto di opposizione da parte del cliente al trattamento di tali informazioni potrebbe essere negato in virt\u00f9 di motivi preminenti.<\/p><p>Per quanto tempo vengono conservati i dati personali<br \/>Durante tutto il periodo in cui i dati dei clienti rimarranno in possesso dell&#8217;Associazione Professionale Guide Vulcanologiche P.IVA 03546190830 ci impegniamo ad assicurare che vengano protetti in maniera appropriata e utilizzati unicamente per scopi adeguati.<br \/>I dati verranno conservati per l\u2019intero periodo in cui una persona rimane cliente dell&#8217;Associazione Professionale Guide Vulcanologiche. Se una persona non \u00e8 pi\u00f9 cliente dell&#8217;Associazione Professionale Guide Vulcanologiche P.IVA 03546190830 conserveremo i suoi dati per il periodo di tempo minimo necessario a rispettare le finalit\u00e0 descritte da questa Informativa e gli obblighi legislativi o normativi applicabili. Normalmente tale periodo di tempo non \u00e8 superiore a 10 anni oltre la durata dei dati raccolti, tranne in alcune specifiche circostanze in cui potrebbe essere pi\u00f9 lungo. I dati personali processati unicamente per scopi di attivazione dei servizi e marketing normalmente non vengono conservati per pi\u00f9 di 24 mesi oltre la durata dei dati raccolti, ma potrebbero essere immagazzinati pi\u00f9 a lungo in alcune specifiche circostanze.<br \/>Le condizioni che possono portare al prolungamento del periodo di conservazione dei dati personali potrebbero includere la necessit\u00e0 di identificare un cliente nel caso in cui si registri nuovamente su servizi gestiti dall&#8217;Associazione Professionale Guide Vulcanologiche P.IVA 03546190830.<br \/>Una volta cessate tali condizioni i dati personali dei clienti potrebbero essere conservati pi\u00f9 a lungo qualora per motivi tecnici non fosse possibile cancellarli.<\/p><p>La scelta di non fornire i propri dati personali potrebbe impedirci di rispettare i nostri obblighi legali, di onorare dei doveri contrattuali o di fornire servizi necessari a gestire i servizi offerti al cliente. Se un cliente non fornisce i propri dati personali potremmo quindi non essere in grado di offrirgli i nostri prodotti e servizi.<\/p><p>Informazioni raccolte<br \/>Le informazioni e i dati riguardanti i clienti che potremmo raccogliere, utilizzare e processare includono:<br \/>informazioni forniteci dai clienti compilando moduli sul sito o qualsiasi altra informazione inviataci tramite il sito o tramite email;<br \/>archivi della corrispondenza, tramite il sito, email, telefono o altri metodi;<br \/>risposte dei clienti ai nostri sondaggi o alle nostre ricerche di mercato;<br \/>dettagli delle transazioni eseguite dai clienti tramite il sito, telefono o altri metodi;<br \/>dettagli degli accessi dei clienti al sito tra cui, a titolo esemplificativo ma non esaustivo, flusso dei dati, dati di localizzazione, blog e altri dati di comunicazione.<\/p><p>Raccogliamo dati personali, laddove abbiamo ragionevoli motivi per farlo e ci\u00f2 non sia lesivo dei diritti e delle libert\u00e0 del cliente, anche tramite fonti pubbliche quali ricerche su internet, registri delle imprese e organi d\u2019informazione.<\/p>\t\t\t\t\t\t\t\t<\/div>\n\t\t\t\t<\/div>\n\t\t\t\t\t<\/div>\n\t\t<\/div>\n\t\t\t\t<div class=\"elementor-column elementor-col-33 elementor-top-column elementor-element elementor-element-f4a81c1\" data-id=\"f4a81c1\" data-element_type=\"column\" data-e-type=\"column\">\n\t\t\t<div class=\"elementor-widget-wrap elementor-element-populated\">\n\t\t\t\t\t\t<div class=\"elementor-element elementor-element-63e2ba8 elementor-widget elementor-widget-text-editor\" data-id=\"63e2ba8\" data-element_type=\"widget\" data-e-type=\"widget\" data-widget_type=\"text-editor.default\">\n\t\t\t\t<div class=\"elementor-widget-container\">\n\t\t\t\t\t\t\t\t\t<p>Funzioni social dei nostri prodotti<br \/>Se si decide di utilizzare una qualsiasi delle funzioni social che forniamo con i nostri prodotti, l&#8217;Associazione Professionale Guide Vulcanologiche potrebbe archiviare, registrare o processare in altro modo i dati cos\u00ec raccolti.<\/p><p>Utilizzo dei cookie<br \/>Per informazioni su come utilizziamo i cookie, consulta la nostra Informativa sui cookie Informativa sui cookie<\/p><p>Eventuale condivisione dei dati personali con altre organizzazioni<br \/>I dati personali dei clienti potrebbero essere condivisi all\u2019interno del gruppo Associazione Professionale Guide Vulcanologiche o con i seguenti enti esterni:<br \/>&#8211; forze dell\u2019ordine, enti regolatori e altre autorit\u00e0 pubbliche;<br \/>&#8211; agenzie di verifica dell\u2019identit\u00e0;<br \/>&#8211; organizzazioni tramite cui ci \u00e8 stato presentato il cliente;<br \/>&#8211; terze parti necessarie per fornire i prodotti e i servizi richiesti.<\/p><p>A seconda dei prodotti che si sceglie di utilizzare, potremmo dover condividere i dati personali del cliente con gli enti terzi che forniscono tali servizi. Qualora i dati personali vengano trasferiti al di fuori dello Spazio Economico Europeo (SEE) esigiamo che vengano adottati sistemi di tutela adeguati.<\/p><p>Potremmo inoltre trasmettere informazioni personali ad altre societ\u00e0 a noi associate o nostre sussidiarie e ai nostri partner commerciali, o ai nostri aventi causa.<\/p><p>Trasmetteremo i dati personali di un cliente al di fuori del SEE solo nel caso in cui:<br \/>il cliente abbia fornito il suo esplicito consenso<br \/>sia necessario per impostare o onorare un contratto che il cliente ha sottoscritto con noi<br \/>per rispettare un dovere o un obbligo legale.<\/p><p>Qualora i dati personali di un cliente vengano trasmessi al di fuori del SEE, sia all\u2019interno del gruppo che ai nostri partner commerciali, adotteremo tutte le misure necessarie ad assicurare che siano protetti secondo gli stessi standard adottati all\u2019interno del SEE, in uno dei seguenti modi:<br \/>&#8211; in base al fatto che la Commissione Europea ha verificato che il Paese in cui verranno ricevuti i dati personali offre lo stesso livello di protezione del SEE. Per ulteriori informazioni \u00e8 possibile consultare il sito del Commissario europeo per la giustizia.<br \/>&#8211; stipulando contratti che impongano al ricevente di tutelare i dati personali con gli stessi standard di protezione utilizzati nel SEE.<br \/>&#8211; se la trasmissione viene effettuata verso gli Stati Uniti, il ricevente deve aderire allo Scudo UE-USA per la privacy. Lo Scudo UE-USA per la privacy \u00e8 un accordo che assicura la protezione dei dati personali a un livello approvato dall\u2019Unione Europea. Ulteriori informazioni sullo Scudo UE-USA per la privacy sono disponibili sul sito del Commissario europeo per la giustizia.<\/p><p>In alcuni casi potremmo essere costretti per legge a fornire i dati personali dei clienti a terze parti e potremmo avere un controllo limitato su come vengono protetti da tali enti.<\/p><p>Diritti del cliente in relazione ai propri dati personali<br \/>Ci impegnamo a fornire assistenza ai clienti che decidono di esercitare i propri diritti in relazione ai propri dati personali, ad esempio:<br \/>&#8211; ritirando il proprio consenso in qualsiasi situazione in cui \u00e8 stato da noi richiesto, anche se ci\u00f2 non potr\u00e0 inficiare le operazioni di trattamento dei dati effettuate quando avevamo il consenso del cliente &#8211; presentando un reclamo presso l\u2019autorit\u00e0 per la protezione dei dati competente;<br \/>&#8211; richiedendo l\u2019accesso ai propri dati personali da noi processati o in nostro possesso;<br \/>&#8211; richiedendo la correzione di eventuali dati personali errati o non aggiornati;<br \/>&#8211; richiedendo la cancellazione dei propri dati personali da noi processati;<br \/>&#8211; richiedendo di limitare il trattamento dei propri dati personali in determinate circostanze;<br \/>&#8211; richiedendo di ricevere, o di fornire a un\u2019altra societ\u00e0 nominata dal cliente, determinati dati personali, secondo quanto previsto dal \u2018diritto alla portabilit\u00e0 dei dati\u2019 &#8211; esercitando la facolt\u00e0 di opporsi al trattamento dei dati laddove questo venga effettuato per nostro legittimo interesse;<br \/>&#8211; esercitando la facolt\u00e0 di contestare una decisione presa interamente in maniera automatica, per esprimere il proprio punto di vista e per richiedere una revisione della decisione da parte di una persona;<\/p><p>Per ulteriori informazioni in merito a questi diritti e per esercitarli \u00e8 possibile contattarci all\u2019indirizzo email privacy@ashara.it.<\/p><p>Modifiche all\u2019Informativa sulla Privacy<br \/>Questa Informativa potrebbe essere aggiornata periodicamente, pertanto invitiamo i clienti a consultarla frequentemente.<br \/>Qualora vengano apportate modifiche a questa Informativa sulla Privacy, informeremo in anticipo i clienti tramite email o altri canali di comunicazioni concordati. Le modifiche verranno comunicate in anticipo, dando tempo sufficiente ai clienti per considerare e comprendere i cambiamenti prima che diventino effettivi.<\/p><p>Non applicheremo modifiche materiali all\u2019Informativa sulla Privacy senza l\u2019accettazione da parte dei clienti. Se un cliente si rifiuta di accettare le modifiche all\u2019Informativa sulla Privacy, o non accetta i cambiamenti entro il periodo di tempo stabilito, potremmo non essere in grado di continuare a fornirgli alcuni o tutti i nostri prodotti e servizi.<\/p>\t\t\t\t\t\t\t\t<\/div>\n\t\t\t\t<\/div>\n\t\t\t\t\t<\/div>\n\t\t<\/div>\n\t\t\t\t\t<\/div>\n\t\t<\/section>\n\t\t\t\t<\/div>","protected":false},"excerpt":{"rendered":"<p>Regolamento Privacy Europeo n. 679\/2016 (\u201cGDPR\u201d) Questa Informativa sulla Privacy descrive il modo in cui l&#8217;Associazione Professionale Guide Vulcanologiche P.IVA 03546190830 agisce come responsabile del trattamento dei dati ai fini della normativa europea e della legislazione locale applicabile. In quanto responsabile del trattamento dati, controlliamo le modalit\u00e0 con cui i dati personali dei clienti vengono [&hellip;]<\/p>","protected":false},"author":5,"featured_media":0,"parent":0,"menu_order":0,"comment_status":"closed","ping_status":"closed","template":"","meta":{"_acf_changed":false,"_seopress_robots_primary_cat":"","_seopress_titles_title":"","_seopress_titles_desc":"","_seopress_robots_index":"yes","footnotes":""},"class_list":["post-84","page","type-page","status-publish","hentry"],"acf":[],"_links":{"self":[{"href":"https:\/\/ashara.it\/fr\/wp-json\/wp\/v2\/pages\/84","targetHints":{"allow":["GET"]}}],"collection":[{"href":"https:\/\/ashara.it\/fr\/wp-json\/wp\/v2\/pages"}],"about":[{"href":"https:\/\/ashara.it\/fr\/wp-json\/wp\/v2\/types\/page"}],"author":[{"embeddable":true,"href":"https:\/\/ashara.it\/fr\/wp-json\/wp\/v2\/users\/5"}],"replies":[{"embeddable":true,"href":"https:\/\/ashara.it\/fr\/wp-json\/wp\/v2\/comments?post=84"}],"version-history":[{"count":0,"href":"https:\/\/ashara.it\/fr\/wp-json\/wp\/v2\/pages\/84\/revisions"}],"wp:attachment":[{"href":"https:\/\/ashara.it\/fr\/wp-json\/wp\/v2\/media?parent=84"}],"curies":[{"name":"wp","href":"https:\/\/api.w.org\/{rel}","templated":true}]}}